{"id":507,"date":"2021-02-02T11:52:39","date_gmt":"2021-02-02T11:52:39","guid":{"rendered":"https:\/\/www.pierrealainfolliet.com\/about\/my-studio\/"},"modified":"2021-05-07T08:30:34","modified_gmt":"2021-05-07T08:30:34","slug":"my-studio","status":"publish","type":"page","link":"https:\/\/www.pierrealainfolliet.com\/fr\/about\/my-studio\/","title":{"rendered":"Mon Studio"},"content":{"rendered":"<p>[vc_row][vc_column][vc_column_text]<\/p>\n<blockquote><p>De prime abord, l\u2019endroit para\u00eet certainement au visiteur comme intimiste et intriqu\u00e9, un endroit dans lequel je passe des heures \u00e0 exp\u00e9rimenter les \u00e9quipements de prise de vues, les \u00e9clairages, les objets, les fond et tous les \u00e9l\u00e9ments dont j\u2019ai besoin pour cr\u00e9er une image.<\/p>\n<p>Vivant \u00e0 Gen\u00e8ve depuis de nombreuses ann\u00e9es, mon Studio y est id\u00e9alement situ\u00e9 dans un bel immeuble du d\u00e9but du 20<sup>\u00e8me<\/sup> si\u00e8cle, \u00e0 quelques m\u00e8tres du bord du lac L\u00e9man. \u00a0La proximit\u00e9 du Studio avec la nature me permet d\u2019ais\u00e9ment sortir prendre l\u2019air apr\u00e8s de longues heures de concentration.<\/p>\n<p>Je d\u00e9finirais personnellement mon Studio comme un espace presque organis\u00e9, un peu encombr\u00e9, o\u00f9 l\u2019on peut trouver d\u2019innombrables \u00e9quipements techniques, tr\u00e9pieds en tous genres, diff\u00e9rents supports et \u00e9clairages, le tout distribu\u00e9 en bo\u00eetes pleines rang\u00e9es dans les armoires.<\/p>\n<p>&nbsp;<\/p>\n<p>Afin de parfaitement adapter le Studio \u00e0 mon travail, j\u2019ai d\u00e9cid\u00e9 de diviser l\u2019espace \u00e0 disposition en trois zones distinctes.<\/p>\n<p>La section de prise de vues per se, composante centrale du Studio, est un espace fonctionnel et flexible, permettant de photographier des personnes, tout comme des objets de tailles diff\u00e9rentes.<\/p>\n<p>J\u2019ai \u00e9galement tenu \u00e0 d\u00e9finir un espace d\u00e9di\u00e9 aux \u00e9changes\u00a0; j\u2019y accueille avec plaisir mes amis et clients pour une visite, un aper\u00e7u de mon monde, une discussion sur mes projets courants et mon travail futur.<\/p>\n<p>Le Studio comprend \u00e9galement une partie de stockage plus privative, in\u00e9vitable et essentielle, dans laquelle sont gard\u00e9s tous les \u00e9quipements pas toujours n\u00e9cessaires mais indispensables \u00e0 ma pratique photographique.<\/p>\n<p>&nbsp;<\/p>\n<p>Bienvenue au Studio photographique de Pierre-Alain Folliet\u00a0!<\/p><\/blockquote>\n<p>[\/vc_column_text][\/vc_column][\/vc_row][vc_row][vc_column][vc_single_image image=\u00a0\u00bb470&Prime; img_size=\u00a0\u00bbfull\u00a0\u00bb alignment=\u00a0\u00bbcenter\u00a0\u00bb][\/vc_column][\/vc_row]<\/p>\n","protected":false},"excerpt":{"rendered":"<p>[vc_row][vc_column][vc_column_text] De prime abord, l\u2019endroit para\u00eet certainement au visiteur comme intimiste et intriqu\u00e9, un endroit dans lequel je passe des heures \u00e0 exp\u00e9rimenter les \u00e9quipements de prise de vues, les \u00e9clairages, les objets, les fond et tous les \u00e9l\u00e9ments dont j\u2019ai besoin pour cr\u00e9er une image. Vivant \u00e0 Gen\u00e8ve depuis de nombreuses ann\u00e9es, mon Studio [&hellip;]<\/p>\n","protected":false},"author":1,"featured_media":0,"parent":107,"menu_order":0,"comment_status":"closed","ping_status":"closed","template":"","meta":[],"_links":{"self":[{"href":"https:\/\/www.pierrealainfolliet.com\/fr\/wp-json\/wp\/v2\/pages\/507"}],"collection":[{"href":"https:\/\/www.pierrealainfolliet.com\/fr\/wp-json\/wp\/v2\/pages"}],"about":[{"href":"https:\/\/www.pierrealainfolliet.com\/fr\/wp-json\/wp\/v2\/types\/page"}],"author":[{"embeddable":true,"href":"https:\/\/www.pierrealainfolliet.com\/fr\/wp-json\/wp\/v2\/users\/1"}],"replies":[{"embeddable":true,"href":"https:\/\/www.pierrealainfolliet.com\/fr\/wp-json\/wp\/v2\/comments?post=507"}],"version-history":[{"count":3,"href":"https:\/\/www.pierrealainfolliet.com\/fr\/wp-json\/wp\/v2\/pages\/507\/revisions"}],"predecessor-version":[{"id":667,"href":"https:\/\/www.pierrealainfolliet.com\/fr\/wp-json\/wp\/v2\/pages\/507\/revisions\/667"}],"up":[{"embeddable":true,"href":"https:\/\/www.pierrealainfolliet.com\/fr\/wp-json\/wp\/v2\/pages\/107"}],"wp:attachment":[{"href":"https:\/\/www.pierrealainfolliet.com\/fr\/wp-json\/wp\/v2\/media?parent=507"}],"curies":[{"name":"wp","href":"https:\/\/api.w.org\/{rel}","templated":true}]}}