{"id":282,"date":"2021-04-01T08:39:59","date_gmt":"2021-04-01T08:39:59","guid":{"rendered":"https:\/\/www.pierrealainfolliet.com\/?page_id=282"},"modified":"2021-05-12T09:48:20","modified_gmt":"2021-05-12T09:48:20","slug":"my-prints","status":"publish","type":"page","link":"https:\/\/www.pierrealainfolliet.com\/fr\/about\/my-prints\/","title":{"rendered":"Mes Tirages"},"content":{"rendered":"<p>[vc_row][vc_column][vc_column_text]<\/p>\n<blockquote><p>En tant qu\u2019artiste photographe, mon intention est de vous laisser p\u00e9n\u00e9trer mon monde, de vous guider dans mon espace, de vous faire d\u00e9couvrir mes techniques et de vous introduire \u00e0 ce que je per\u00e7ois dans un contexte donn\u00e9.<\/p>\n<p>Aussi, je me dois de garantir la qualit\u00e9 et la tra\u00e7abilit\u00e9 de mes \u0153uvres. C\u2019est pourquoi, au fil des ann\u00e9es, j\u2019ai attentivement s\u00e9lectionn\u00e9 des partenaires et fournisseurs pour leur haute expertise dans leurs domaines sp\u00e9cifiques.<\/p>\n<p>&nbsp;<\/p>\n<p>Selon ma propre vision de mon travail de photographie artistique, mes \u0153uvres sont souvent monumentales. Je les propose ainsi habituellement en deux tailles, respectant le m\u00eame format. Il s\u2019agit d\u2019\u00e9ditions de 6 + 2 \u00e9preuves d\u2019artiste, toutes tailles confondues.<\/p>\n<p>&nbsp;<\/p>\n<p>A mes yeux, la qualit\u00e9 de l\u2019impression et la s\u00e9lection du papier contribuent autant au rendu final de l\u2019\u0153uvre que peuvent y contribuer le choix technique de l\u2019appareil ou le travail de postproduction.<\/p>\n<p>Selon le projet, je choisis diff\u00e9rents papiers et techniques d\u2019impression, afin de parvenir \u00e0 offrir le rendu qui corresponde totalement \u00e0 mon ressenti et \u00e0 ce que je souhaite vous transmettre.<\/p><\/blockquote>\n<p>&nbsp;<\/p>\n<p>Vous trouverez ainsi la plupart de mes \u0153uvres avec les caract\u00e9ristiques suivantes\u00a0:<\/p>\n<ul>\n<li>Impression : HDR UltraChrome pigments, encres diverses.<\/li>\n<li>Papier : Hanhemu\u0308hle Fine Art Baryta ou Hanhemu\u0308hle Fine Art Bamboo.<\/li>\n<li>Encadrement\u00a0: caisse am\u00e9ricaine finition Wenge, de profondeurs diff\u00e9rentes selon la taille de l\u2019image.<\/li>\n<\/ul>\n<p>[\/vc_column_text][\/vc_column][\/vc_row][vc_row css=\u00a0\u00bb.vc_custom_1612267201089{margin-bottom: 50px !important;}\u00a0\u00bb][vc_column width=\u00a0\u00bb1\/2&Prime;][vc_column_text]<\/p>\n<h3>Impression &#8211; Patrick Schranz<\/h3>\n<p>Patrick Schranz vit et travaille \u00e0 Bex, en Valais, Suisse o\u00f9 son studio d\u2019imprimeur occupe tout l\u2019\u00e9tage sup\u00e9rieur de sa maison. Au fil des ann\u00e9es, cet espace est petit \u00e0 petit devenu un environnement de travail et d\u2019\u00e9tude tr\u00e8s productif. La connaissance extr\u00eamement pointue de Patrick en termes d\u2019interactions subtiles entre papiers et encres constitue une valeur ajout\u00e9e inestimable pour mon travail.<\/p>\n<p>[\/vc_column_text][\/vc_column][vc_column width=\u00a0\u00bb1\/2&Prime;][vc_empty_space height=\u00a0\u00bb20px\u00a0\u00bb][vc_single_image image=\u00a0\u00bb620&Prime; img_size=\u00a0\u00bbfull\u00a0\u00bb][\/vc_column][\/vc_row][vc_row css=\u00a0\u00bb.vc_custom_1612267210673{margin-bottom: 50px !important;}\u00a0\u00bb][vc_column width=\u00a0\u00bb1\/2&Prime;][vc_column_text]<\/p>\n<h3>Encadrement \u2013 Marco Colucci Encadrement + Art<\/h3>\n<p>L\u2019atelier d\u2019encadrement de Marco Colucci est situ\u00e9 \u00e0 Gen\u00e8ve.<\/p>\n<p>Depuis leurs d\u00e9buts il y a 25 ans, Marco et son \u00e9quipe offrent leurs conseils d\u2019experts sur le style d\u2019encadrement, l\u2019encadrement lui-m\u00eame et des m\u00e9thodes de restauration et de conservation d\u2019\u0153uvres d\u2019art. Je travaille personnellement avec Marco Colucci Encadrement + Art depuis plusieurs ann\u00e9es et valorise \u00e9norm\u00e9ment notre relation.<\/p>\n<p>[\/vc_column_text][\/vc_column][vc_column width=\u00a0\u00bb1\/2&Prime;][vc_empty_space height=\u00a0\u00bb20px\u00a0\u00bb][vc_single_image image=\u00a0\u00bb802&Prime; img_size=\u00a0\u00bbfull\u00a0\u00bb][\/vc_column][\/vc_row][vc_row css=\u00a0\u00bb.vc_custom_1612267210673{margin-bottom: 50px !important;}\u00a0\u00bb][vc_column width=\u00a0\u00bb1\/2&Prime;][vc_column_text]<\/p>\n<h3>Collage &#8211; Ted Support<\/h3>\n<p>Fond\u00e9e en 1994, la r\u00e9putation de Ted Support s\u2019est \u00e9tendue beaucoup plus loin que la petite ville d\u2019Yverdon-les-Bains, Suisse, o\u00f9 si\u00e8ge l\u2019entreprise. Ted Support est en effet aujourd\u2019hui reconnue comme r\u00e9f\u00e9rence internationale pour tous les travaux de collage et de plastification de photos. J\u2019ai ainsi d\u00e9cid\u00e9 de travailler exclusivement avec cette entreprise d\u2019Yverdon, car elle propose \u00e0 mes yeux les meilleurs services de collage sur aluminium ou autres supports dont je peux avoir besoin pour mes \u0153uvres. La facilit\u00e9, la qualit\u00e9 et la stabilit\u00e9 du processus de travail en place refl\u00e8tent compl\u00e8tement et justifient la r\u00e9putation acquise par Ted Support.<\/p>\n<p>[\/vc_column_text][vc_column_text el_class=\u00a0\u00bbhidden\u00a0\u00bb]<a class=\"more-about\" href=\"#\">More about<\/a>[\/vc_column_text][\/vc_column][vc_column width=\u00a0\u00bb1\/2&Prime;][vc_empty_space height=\u00a0\u00bb20px\u00a0\u00bb][vc_single_image image=\u00a0\u00bb613&Prime; img_size=\u00a0\u00bbfull\u00a0\u00bb][\/vc_column][\/vc_row][vc_row][vc_column][vc_empty_space height=\u00a0\u00bb100px\u00a0\u00bb][\/vc_column][\/vc_row]<\/p>\n","protected":false},"excerpt":{"rendered":"<p>[vc_row][vc_column][vc_column_text] En tant qu\u2019artiste photographe, mon intention est de vous laisser p\u00e9n\u00e9trer mon monde, de vous guider dans mon espace, de vous faire d\u00e9couvrir mes techniques et de vous introduire \u00e0 ce que je per\u00e7ois dans un contexte donn\u00e9. Aussi, je me dois de garantir la qualit\u00e9 et la tra\u00e7abilit\u00e9 de mes \u0153uvres. C\u2019est pourquoi, [&hellip;]<\/p>\n","protected":false},"author":1,"featured_media":0,"parent":107,"menu_order":0,"comment_status":"closed","ping_status":"closed","template":"","meta":[],"_links":{"self":[{"href":"https:\/\/www.pierrealainfolliet.com\/fr\/wp-json\/wp\/v2\/pages\/282"}],"collection":[{"href":"https:\/\/www.pierrealainfolliet.com\/fr\/wp-json\/wp\/v2\/pages"}],"about":[{"href":"https:\/\/www.pierrealainfolliet.com\/fr\/wp-json\/wp\/v2\/types\/page"}],"author":[{"embeddable":true,"href":"https:\/\/www.pierrealainfolliet.com\/fr\/wp-json\/wp\/v2\/users\/1"}],"replies":[{"embeddable":true,"href":"https:\/\/www.pierrealainfolliet.com\/fr\/wp-json\/wp\/v2\/comments?post=282"}],"version-history":[{"count":15,"href":"https:\/\/www.pierrealainfolliet.com\/fr\/wp-json\/wp\/v2\/pages\/282\/revisions"}],"predecessor-version":[{"id":808,"href":"https:\/\/www.pierrealainfolliet.com\/fr\/wp-json\/wp\/v2\/pages\/282\/revisions\/808"}],"up":[{"embeddable":true,"href":"https:\/\/www.pierrealainfolliet.com\/fr\/wp-json\/wp\/v2\/pages\/107"}],"wp:attachment":[{"href":"https:\/\/www.pierrealainfolliet.com\/fr\/wp-json\/wp\/v2\/media?parent=282"}],"curies":[{"name":"wp","href":"https:\/\/api.w.org\/{rel}","templated":true}]}}