{"id":125,"date":"2020-05-18T09:56:50","date_gmt":"2020-05-18T09:56:50","guid":{"rendered":"https:\/\/www.pierrealainfolliet.com\/exhibitions\/"},"modified":"2021-05-20T14:05:44","modified_gmt":"2021-05-20T14:05:44","slug":"exhibitions","status":"publish","type":"page","link":"https:\/\/www.pierrealainfolliet.com\/fr\/exhibitions\/","title":{"rendered":"Expositions"},"content":{"rendered":"<p>[vc_row equal_height=\u00a0\u00bbyes\u00a0\u00bb content_placement=\u00a0\u00bbtop\u00a0\u00bb el_class=\u00a0\u00bbexhibition-row\u00a0\u00bb][vc_column width=\u00a0\u00bb1\/3&Prime;][vc_column_text el_class=\u00a0\u00bblist-items\u00a0\u00bb el_id=\u00a0\u00bbpoetic-dreams\u00a0\u00bb]<\/p>\n<p><span class=\"ls-200\" style=\"text-transform: uppercase;\">POETIC DREAMS<\/span><\/p>\n<p>&nbsp;<\/p>\n<p><strong>10 Mai &#8211; 31 Mai 2021 | Galerie Russo Yubero, Gen\u00e8ve, Suisse<\/strong><\/p>\n<p>Alors que la possibilit\u00e9 de voyager s\u2019est presque compl\u00e8tement tarie, j\u2019ai le plaisir de pr\u00e9senter ma vision de quelques lieux que j\u2019ai eu le privil\u00e8ge de photographier. Cette exposition a aussi pour but de faire d\u00e9couvrir des d\u00e9tails parfois cach\u00e9s dans les images, mon processus et mes techniques de travail. Je souhaite que ces balades virtuelles en Antarctique, dans le d\u00e9sert de Liwa ou dans les Montagnes Sacr\u00e9es de Chine titillent les esprit, \u00e9es r\u00eaves, et contribuent \u00e0 notre conviction que l\u2019Art et la Culture sont plus importants que jamais.<\/p>\n<p><a class=\"arrow-button\" href=\"https:\/\/www.pierrealainfolliet.com\/fr\/portfolio\/pink\/\" target=\"_blank\" rel=\"noopener\">CONCEPT ET OEUVRES PRESENTEES<\/a><\/p>\n<p>Oeuvres tir\u00e9es des projets Huang Shan, Liwa, Antarctica et PINK.<\/p>\n<p>[\/vc_column_text][\/vc_column][vc_column width=\u00a0\u00bb2\/3&Prime;][vc_images_carousel images=\u00a0\u00bb755,771&Prime; img_size=\u00a0\u00bbfull\u00a0\u00bb onclick=\u00a0\u00bblink_no\u00a0\u00bb wrap=\u00a0\u00bbyes\u00a0\u00bb][\/vc_column][\/vc_row][vc_row equal_height=\u00a0\u00bbyes\u00a0\u00bb content_placement=\u00a0\u00bbtop\u00a0\u00bb el_class=\u00a0\u00bbexhibition-row\u00a0\u00bb][vc_column width=\u00a0\u00bb1\/3&Prime;][vc_column_text el_class=\u00a0\u00bblist-items\u00a0\u00bb el_id=\u00a0\u00bbhuang-shan\u00a0\u00bb]<\/p>\n<p><span class=\"ls-200\" style=\"text-transform: uppercase;\">Huang Shan, Montanhas Sagradas da China<\/span><\/p>\n<p>&nbsp;<\/p>\n<p><strong>10 Juin &#8211; 31 Juin 2011 | FotoRio 2011, Centro Cultural Justi\u00e7a Federal, Rio de Janeiro, Br\u00e9sil<\/strong><\/p>\n<p>Dans sa cinqui\u00e8me \u00e9dition, FotoRio 2011 \u00e9tait pr\u00e9sent dans la m\u00e9tropole br\u00e9silienne avec 130 expositions, projections, conf\u00e9rences, d\u00e9bats et ateliers dans 57 espaces culturels, y compris les mus\u00e9es, centres culturels et galeries les plus importants et prestigieux de la ville. La Foire a vu la participation directe d&rsquo;environ 200 photographes et un public estim\u00e9 \u00e0 plus de cent mille visiteurs. L&rsquo;un des temps forts du Festival, l&rsquo;exposition \u00abExtremos\u00bb, organis\u00e9e par Milton Guran et Jean-Luc Monterosso \u00e0 l&rsquo;Institut Moreira Salles, a r\u00e9uni un grand ensemble d&rsquo;\u0153uvres expressives de photographie contemporaine de la collection de la Maison Europ\u00e9enne de La Photographie, \u00e0 Paris.<\/p>\n<p>De mon c\u00f4t\u00e9, j&rsquo;ai \u00e9t\u00e9 s\u00e9lectionn\u00e9 comme l\u2019un des rares artistes europ\u00e9ens pour cette foire.<\/p>\n<p><a class=\"arrow-button\" href=\"https:\/\/www.pierrealainfolliet.com\/fr\/portfolio\/huang-shan\/\" target=\"_blank\" rel=\"noopener\">CONCEPT ET OEUVRES PRESENTEES<\/a><\/p>\n<p>Apr\u00e8s avoir \u00e9tudi\u00e9 mes diff\u00e9rents projets, les commissaires ont retenu les \u0153uvres de ma s\u00e9rie sur les montagnes sacr\u00e9es de Huang Shan, pour leur valeur spirituelle et artistique.<\/p>\n<p>[\/vc_column_text][\/vc_column][vc_column width=\u00a0\u00bb2\/3&Prime;][vc_images_carousel images=\u00a0\u00bb631&Prime; img_size=\u00a0\u00bbfull\u00a0\u00bb onclick=\u00a0\u00bblink_no\u00a0\u00bb wrap=\u00a0\u00bbyes\u00a0\u00bb][\/vc_column][\/vc_row][vc_row el_class=\u00a0\u00bbexhibition-row\u00a0\u00bb][vc_column width=\u00a0\u00bb1\/3&Prime;][vc_column_text el_class=\u00a0\u00bblist-items\u00a0\u00bb el_id=\u00a0\u00bbcutlog\u00a0\u00bb]<\/p>\n<p><span class=\"ls-200\" style=\"text-transform: uppercase;\">Cutlog Foire d\u2019Art Contemporain AVEC A. Galerie<\/span><\/p>\n<p>&nbsp;<\/p>\n<p><strong>20 Octobre- 24 Octobre 2010 | Cutlog Foire d\u2019Art Contemporain, Bourse du Commerce de Paris, France<\/strong><\/p>\n<p>Arnaud Adida, fondateur de la galerie Acte 2, d\u00e9cide de cr\u00e9er un nouvel espace d\u00e9di\u00e9 \u00e0 la photographie et \u00e0 l\u2019art contemporain. Il ouvre ainsi \u00ab A.Galerie \u00bb en 2009, situ\u00e9e dans le 16<sup>e<\/sup> arrondissement, proche du Pont de l\u2019Alma, entre le Palais de Tokyo et la Fondation Yves Saint-Laurent.<\/p>\n<p>Il y expose aujourd\u2019hui les plus grands noms de la photographie internationale tels que Patrick Demarchelier, Martin Schoeller, Nick Brandt, Albert Watson, Steve Schapiro, Jimmy Nelson, Rankin, Eliott Erwitt, Mark Seliger, Claude Gassian ou Ron Galella. Les \u0153uvres vendues sont des tirages de collection en \u00e9dition limit\u00e9e.<\/p>\n<p><a class=\"arrow-button\" href=\"https:\/\/www.pierrealainfolliet.com\/fr\/portfolio\/huang-shan\/\" target=\"_blank\" rel=\"noopener\">CONCEPT ET OEUVRES PRESENTEES<\/a><\/p>\n<p>A travers la A. Galerie, j\u2019ai pu exposer 4 oeuvres de mon projet Huang Shan \u00e0 la Foire d\u2019Art Contemporain Cutlog en octobre 2010.<\/p>\n<p>[\/vc_column_text][\/vc_column][vc_column width=\u00a0\u00bb2\/3&Prime;][vc_single_image image=\u00a0\u00bb267&Prime; img_size=\u00a0\u00bbfull\u00a0\u00bb][\/vc_column][\/vc_row][vc_row el_class=\u00a0\u00bbexhibition-row\u00a0\u00bb][vc_column width=\u00a0\u00bb1\/3&Prime;][vc_column_text el_class=\u00a0\u00bblist-items\u00a0\u00bb el_id=\u00a0\u00bbethers\u00a0\u00bb]<\/p>\n<p><span class=\"ls-200\" style=\"text-transform: uppercase;\">Ethers et Ab\u00eemes : Eternelle Huang Shan<\/span><\/p>\n<p>&nbsp;<\/p>\n<p><strong>01 D\u00e9cembre 2009 &#8211; 04 Janvier 2010 | Galerie Lipao-Huang, Paris, France<\/strong><\/p>\n<p>La Galerie Lipao-Huang a \u00e9t\u00e9 cr\u00e9e en 2008 par un connaisseur passionn\u00e9 d\u2019art contemporain franco-chinois, Serge Lipao-Huang. Situ\u00e9e dans le 6<sup>e<\/sup> arrondissement, Saint Germain des Pr\u00e9s, la galerie promeut les \u00e9changes artistiques entre l\u2019art contemporain asiatique et occidental, en choisissant d\u2019exposer des artistes reconnus et des nouveaux talents. La Galerie Lipao-Huang a ferm\u00e9 en 2012.<\/p>\n<p><a class=\"arrow-button\" href=\"https:\/\/www.pierrealainfolliet.com\/fr\/portfolio\/huang-shan\/\" target=\"_blank\" rel=\"noopener\">CONCEPT ET OEUVRES PRESENTEES<\/a><\/p>\n<p>Pour cette exposition, la Galerie Lipao-Huang d\u00e9cida de s\u00e9lectionner deux photographes, afin d\u2019exposer comment les m\u00eames paysages de Huang Shan sont per\u00e7us par les yeux d\u2019artistes diff\u00e9rents.<\/p>\n<p>Mes \u0153uvres furent alors expos\u00e9es avec celles de Marc Riboud, grand reporter fran\u00e7ais qui travailla entre autres pour Magnum Photos.<\/p>\n<p>[\/vc_column_text][\/vc_column][vc_column width=\u00a0\u00bb2\/3&Prime;][vc_images_carousel images=\u00a0\u00bb648&Prime; img_size=\u00a0\u00bbfull\u00a0\u00bb onclick=\u00a0\u00bblink_no\u00a0\u00bb wrap=\u00a0\u00bbyes\u00a0\u00bb][\/vc_column][\/vc_row][vc_row equal_height=\u00a0\u00bbyes\u00a0\u00bb content_placement=\u00a0\u00bbtop\u00a0\u00bb el_class=\u00a0\u00bbexhibition-row\u00a0\u00bb][vc_column width=\u00a0\u00bb1\/3&Prime;][vc_column_text el_class=\u00a0\u00bblist-items\u00a0\u00bb el_id=\u00a0\u00bbmemoire-mer\u00a0\u00bb]<\/p>\n<p><span class=\"ls-200\" style=\"text-transform: uppercase;\">La M\u00e9moire et la Mer<\/span><\/p>\n<p>&nbsp;<\/p>\n<p><strong>11 Novembre &#8211; 21 D\u00e9cembre 2006 | Galerie Charlotte Moser, Gen\u00e8ve, Suisse<\/strong><\/p>\n<p>La Galerie Charlotte Moser \u00e9tait sp\u00e9cialis\u00e9e en art contemporain. Elle repr\u00e9sentait des artistes suisses, europ\u00e9ens et internationaux, travaillant diff\u00e9rents supports, avec un accent particulier sur la peinture, la sculpture et la photographie. Certains artistes s\u00e9lectionn\u00e9s \u00e9taient reconnus mondialement, alors que d\u2019autres expositions se concentraient sur de jeunes et prometteurs artistes.<\/p>\n<p>La Galerie Charlotte Moser a ferm\u00e9 en 2013.<\/p>\n<p><a class=\"arrow-button\" href=\"https:\/\/www.pierrealainfolliet.com\/fr\/portfolio\/horizons\/\" target=\"_blank\" rel=\"noopener\">CONCEPT ET OEUVRES PRESENTEES<\/a><\/p>\n<p>Charlotte Moser a souhait\u00e9 que le sujet particulier de cette exposition se concentre sur mes travaux en relation avec la Mer. L\u2019id\u00e9e \u00e9tait \u00e9galement d\u2019exposer des \u0153uvres de s\u00e9ries noir et blanc et de s\u00e9ries couleur, afin repr\u00e9senter au mieux mes techniques et mes diff\u00e9rentes approches. Nous avons donc s\u00e9lectionn\u00e9 ensemble des \u0153uvres noir et blanc de mon projet \u00ab\u00a0Lavezzi\u00a0\u00bb et quelques photographies couleur faisant partie de mon projet \u00ab\u00a0Horizons\u00a0\u00bb.<\/p>\n<p>Ma collaboration avec la Galerie Charlotte Moser continua plus tard, \u00e0 l\u2019occasion de ArtBrussels en 2008, lorsqu\u2019elle exposa une de mes \u0153uvres les plus iconiques des Lavezzi.<\/p>\n<p>[\/vc_column_text][\/vc_column][vc_column width=\u00a0\u00bb2\/3&Prime;][vc_single_image image=\u00a0\u00bb658&Prime; img_size=\u00a0\u00bbfull\u00a0\u00bb][\/vc_column][\/vc_row][vc_row el_class=\u00a0\u00bbexhibition-row\u00a0\u00bb][vc_column width=\u00a0\u00bb1\/3&Prime;][vc_column_text el_class=\u00a0\u00bblist-items\u00a0\u00bb el_id=\u00a0\u00bbpremiere\u00a0\u00bb]<\/p>\n<p><span class=\"ls-200\" style=\"text-transform: uppercase;\">Pierre-Alain Folliet. Photographies Premi\u00e8re<\/span><\/p>\n<p>&nbsp;<\/p>\n<p><strong>08 Mars &#8211; 21 Avril 2001 | Galerie Patrick Cramer, Gen\u00e8ve, Suisse<\/strong><\/p>\n<p>La galerie Patrick Cramer est une galerie genevoise bien \u00e9tablie, pr\u00e9sentant de l\u2019art moderne et contemporain. Tout en se concentrant maintenant sur l\u2019art contemporain chinois, la galerie repr\u00e9sente aussi les talents internationaux les plus excitants et progressistes.<\/p>\n<p>Patrick Cramer \u00e9crit et \u00e9dite \u00e9galement des livres de r\u00e9f\u00e9rences, des catalogues raisonn\u00e9s et des catalogues d&rsquo;expositions d&rsquo;\u0153uvres cr\u00e9\u00e9es par des artistes du 20e si\u00e8cle.<\/p>\n<p><a class=\"arrow-button\" href=\"https:\/\/www.pierrealainfolliet.com\/fr\/portfolio\/lavezzi\/\" target=\"_blank\" rel=\"noopener\">CONCEPT ET OEUVRES PRESENTEES<\/a><\/p>\n<p>Photographies Premi\u00e8re. Premier <em>one man show,<\/em> o\u00f9 j\u2019ai expos\u00e9 mon projet \u00ab\u00a0Lavezzi\u00a0\u00bb.<\/p>\n<p>Pr\u00e9sentation du livre \u00ab Lavezzi \u00bb incluant une pr\u00e9face de Yves Dana, sculpteur suisse.<\/p>\n<p>[\/vc_column_text][\/vc_column][vc_column width=\u00a0\u00bb2\/3&Prime;][vc_images_carousel images=\u00a0\u00bb639&Prime; img_size=\u00a0\u00bbfull\u00a0\u00bb onclick=\u00a0\u00bblink_no\u00a0\u00bb wrap=\u00a0\u00bbyes\u00a0\u00bb][\/vc_column][\/vc_row][vc_row el_class=\u00a0\u00bbexhibition-row\u00a0\u00bb][vc_column width=\u00a0\u00bb1\/3&Prime;][vc_column_text el_class=\u00a0\u00bblist-items\u00a0\u00bb]<span class=\"ls-200\" style=\"text-transform: uppercase;\">L\u2019Image : chacun apporte sa photographie pr\u00e9f\u00e9r\u00e9e, le temps d\u2019un week-end<\/span><\/p>\n<p>&nbsp;<\/p>\n<p><strong>Automne 1999 | Galerie Focale, Nyon, Suisse<\/strong><\/p>\n<p>La Galerie Focale et son association furent cr\u00e9\u00e9es \u00e0 Nyon, en Suisse romande, au d\u00e9but des ann\u00e9es 80 (respectivement 1982 et 1895).<\/p>\n<p>Toutes deux sont des institutions \u00e0 but non-lucratif dans le but de promouvoir la photographie d\u2019expression. Depuis le d\u00e9but, les photographies expos\u00e9es \u00e0 Focale m\u00e9langent autant une approche documentaire qu\u2019une esth\u00e9tique po\u00e9tique.<\/p>\n<p>Aujourd\u2019hui, la galerie organise environ 10 expositions par ann\u00e9es, repr\u00e9sentant des artistes internationaux, venant d\u2019Europe, des USA, de Russie ou d\u2019Am\u00e9rique du Sud.<\/p>\n<p>Son objectif \u00e9tant \u00e9galement de permettre au public de d\u00e9couvrir de nouveaux artistes, Focale accueille avec plaisir de jeunes professionnels.[\/vc_column_text][\/vc_column][vc_column width=\u00a0\u00bb2\/3&Prime;][vc_single_image image=\u00a0\u00bb645&Prime; img_size=\u00a0\u00bbfull\u00a0\u00bb][\/vc_column][\/vc_row]<\/p>\n","protected":false},"excerpt":{"rendered":"<p>[vc_row equal_height=\u00a0\u00bbyes\u00a0\u00bb content_placement=\u00a0\u00bbtop\u00a0\u00bb el_class=\u00a0\u00bbexhibition-row\u00a0\u00bb][vc_column width=\u00a0\u00bb1\/3&Prime;][vc_column_text el_class=\u00a0\u00bblist-items\u00a0\u00bb el_id=\u00a0\u00bbpoetic-dreams\u00a0\u00bb] POETIC DREAMS &nbsp; 10 Mai &#8211; 31 Mai 2021 | Galerie Russo Yubero, Gen\u00e8ve, Suisse Alors que la possibilit\u00e9 de voyager s\u2019est presque compl\u00e8tement tarie, j\u2019ai le plaisir de pr\u00e9senter ma vision de quelques lieux que j\u2019ai eu le privil\u00e8ge de photographier. Cette exposition a aussi pour but [&hellip;]<\/p>\n","protected":false},"author":1,"featured_media":0,"parent":0,"menu_order":0,"comment_status":"closed","ping_status":"closed","template":"","meta":[],"_links":{"self":[{"href":"https:\/\/www.pierrealainfolliet.com\/fr\/wp-json\/wp\/v2\/pages\/125"}],"collection":[{"href":"https:\/\/www.pierrealainfolliet.com\/fr\/wp-json\/wp\/v2\/pages"}],"about":[{"href":"https:\/\/www.pierrealainfolliet.com\/fr\/wp-json\/wp\/v2\/types\/page"}],"author":[{"embeddable":true,"href":"https:\/\/www.pierrealainfolliet.com\/fr\/wp-json\/wp\/v2\/users\/1"}],"replies":[{"embeddable":true,"href":"https:\/\/www.pierrealainfolliet.com\/fr\/wp-json\/wp\/v2\/comments?post=125"}],"version-history":[{"count":25,"href":"https:\/\/www.pierrealainfolliet.com\/fr\/wp-json\/wp\/v2\/pages\/125\/revisions"}],"predecessor-version":[{"id":827,"href":"https:\/\/www.pierrealainfolliet.com\/fr\/wp-json\/wp\/v2\/pages\/125\/revisions\/827"}],"wp:attachment":[{"href":"https:\/\/www.pierrealainfolliet.com\/fr\/wp-json\/wp\/v2\/media?parent=125"}],"curies":[{"name":"wp","href":"https:\/\/api.w.org\/{rel}","templated":true}]}}